{"id":6,"date":"2009-12-01T18:27:16","date_gmt":"2009-12-01T17:27:16","guid":{"rendered":"http:\/\/reina.plural.net\/?page_id=2"},"modified":"2009-12-01T18:27:16","modified_gmt":"2009-12-01T17:27:16","slug":"acerca-de","status":"publish","type":"page","link":"http:\/\/www.conpermisodelareina.com\/?page_id=6","title":{"rendered":"El blog"},"content":{"rendered":"<p>La matem\u00e1tica es el lenguaje del universo -seg\u00fan una famosa cita de Galileo-, la linterna que nos permite ver mejor y m\u00e1s lejos en la nebulosa de lo social -dec\u00eda m\u00e1s o menos el economista Irving Fisher- y el combustible de la sociedad -afirma\u00a0Keith Devlin-. As\u00ed que la matem\u00e1tica es un punto de vista, con una capacidad singular para representar cualquier situaci\u00f3n de la naturaleza o \u00a0de la sociedad, para desvelar hechos sustanciales\u00a0\u00a0fuera del alcance\u00a0de otros an\u00e1lisis y para cambiar el modo\u00a0en que se entiende o se vive la vida.<\/p>\n<p>A pesar de que la nuestra es la corte que gobierna la\u00a0<em>Reina de las ciencias <\/em>&#8211; la matem\u00e1tica,\u00a0 como la defini\u00f3 Gauss-,\u00a0ese hecho pasa desapercibido en general para la opini\u00f3n p\u00fablica. En este lugar se pretende contribuir a hacerlo m\u00e1s visible, a trav\u00e9s de ideas, observaciones, historias (o historietas) que podr\u00e1n tratar sobre cualquier asunto mundano pero siempre con algo de matem\u00e1tica en su trama. Despu\u00e9s de a\u00f1os haciendo eso mismo en\u00a0grupos reducidos, un diablillo bueno (\u00bfo malo?)\u00a0llamado\u00a0<a href=\"http:\/\/www.cuartopoder.es\/informe\/biografia\">Pedro<\/a> persuadi\u00f3 al autor de que ser\u00eda de inter\u00e9s para grupos numerosos. El diablillo tambi\u00e9n le dijo que &#8220;grupo numeroso&#8221; significaba internet y que esas cosas se hac\u00edan en un blog.<\/p>\n<p>As\u00ed pues,\u00a0con permiso de la Reina&#8230;<\/p>\n<p><a href=\"http:\/\/www.conpermisodelareina.com\/wp-content\/uploads\/2009\/12\/rey_600.jpg\"><img decoding=\"async\" loading=\"lazy\" class=\"aligncenter size-full wp-image-23\" title=\"rey_600\" src=\"http:\/\/www.conpermisodelareina.com\/wp-content\/uploads\/2009\/12\/rey_600.jpg\" alt=\"\" width=\"600\" height=\"267\" \/><\/a><\/p>\n<p>&nbsp;<\/p>\n<p style=\"margin-bottom: 0cm; line-height: 0.64cm; text-align: left;\"><span style=\"font-size: small;\"><strong><a href=\"http:\/\/grupoecofractal.com\/es\/miembros\/jmrey\">Jos\u00e9-Manuel Rey<\/a><\/strong><\/span><span style=\"font-size: small;\">\u00a0es doctor en Matem\u00e1ticas por la Universidad Complutense de Madrid (UCM) y Profesor Titular de la UCM\u00a0 <\/span><span style=\"font-size: small;\">Ha recibido en dos ediciones consecutivas (<a href=\"http:\/\/plus.maths.org\/issue47\/features\/rey\/index.html\">2008<\/a> y <a href=\"http:\/\/plus.maths.org\/issue51\/features\/rey\/index.html\">2009<\/a>) el premio <\/span><span style=\"font-size: small;\"><em>Plus New Writers Award<\/em><\/span><span style=\"font-size: small;\">\u00a0<\/span><span style=\"font-size: small;\">(Universidad de Cambridge) por sendos art\u00edculos originales sobre matem\u00e1ticas de psicolog\u00eda social.<\/span><\/p>\n<p style=\"margin-bottom: 0cm; line-height: 0.64cm; text-align: left;\"><img decoding=\"async\" loading=\"lazy\" class=\"aligncenter size-full wp-image-71\" title=\"gianni_peg\" src=\"http:\/\/www.conpermisodelareina.com\/wp-content\/uploads\/2009\/12\/gianni_peg.jpg\" alt=\"gianni_peg\" width=\"600\" height=\"297\" \/><\/p>\n<p style=\"margin-bottom: 0cm; line-height: 0.64cm; text-align: left;\"><span style=\"font-size: small;\"><strong>Gianni Peg<\/strong> es un dibujante y autor italiano que vive en Roma. Lleva disfrutando desde hace m\u00e1s de 40 a\u00f1os,\u00a0 creando o ilustrando historias, libros, cuentos, comics, dibujos animados, anuncios y series de televisi\u00f3n. En 1996 cre\u00f3 la empresa <a href=\"http:\/\/www.videocartoons.it\/\">VIDEO&amp;CARTOONS<\/a>. En 2010, <em>con permiso de la reina<\/em> le hicieron una oferta pr\u00e1cticamente imposible de aceptar. Sin pensarlo, pero matizando que sobraba el \u201cpr\u00e1cticamente\u201d, Gianni acept\u00f3.<\/span><\/p>\n<p style=\"margin-bottom: 0cm; line-height: 0.64cm; text-align: left;\">\u00a0<\/p>\n","protected":false},"excerpt":{"rendered":"<p>La matem\u00e1tica es el lenguaje del universo -seg\u00fan una famosa cita de Galileo-, la linterna que nos permite ver mejor y m\u00e1s lejos en la nebulosa de lo social -dec\u00eda m\u00e1s o menos el economista Irving Fisher- y el combustible de la sociedad -afirma\u00a0Keith Devlin-. As\u00ed que la matem\u00e1tica es un punto de vista, con [&hellip;]<\/p>\n","protected":false},"author":1,"featured_media":0,"parent":0,"menu_order":0,"comment_status":"open","ping_status":"open","template":"","meta":[],"_links":{"self":[{"href":"http:\/\/www.conpermisodelareina.com\/index.php?rest_route=\/wp\/v2\/pages\/6"}],"collection":[{"href":"http:\/\/www.conpermisodelareina.com\/index.php?rest_route=\/wp\/v2\/pages"}],"about":[{"href":"http:\/\/www.conpermisodelareina.com\/index.php?rest_route=\/wp\/v2\/types\/page"}],"author":[{"embeddable":true,"href":"http:\/\/www.conpermisodelareina.com\/index.php?rest_route=\/wp\/v2\/users\/1"}],"replies":[{"embeddable":true,"href":"http:\/\/www.conpermisodelareina.com\/index.php?rest_route=%2Fwp%2Fv2%2Fcomments&post=6"}],"version-history":[{"count":0,"href":"http:\/\/www.conpermisodelareina.com\/index.php?rest_route=\/wp\/v2\/pages\/6\/revisions"}],"wp:attachment":[{"href":"http:\/\/www.conpermisodelareina.com\/index.php?rest_route=%2Fwp%2Fv2%2Fmedia&parent=6"}],"curies":[{"name":"wp","href":"https:\/\/api.w.org\/{rel}","templated":true}]}}